{"id":11,"date":"2024-11-26T11:00:49","date_gmt":"2024-11-26T11:00:49","guid":{"rendered":"https:\/\/www.servas.pl\/?page_id=11"},"modified":"2024-11-26T11:01:53","modified_gmt":"2024-11-26T11:01:53","slug":"o-nas","status":"publish","type":"page","link":"https:\/\/www.servas.pl\/?page_id=11","title":{"rendered":"O nas"},"content":{"rendered":"\n<p><strong>W Polsce<\/strong>&nbsp;Servas istnieje od po\u0142owy lat 70-tych. Z powodu niech\u0119ci \u00f3wczesnych w\u0142adz pozostawa\u0142 w ukryciu do ko\u0144ca lat 80-tych. Podj\u0119ta w 1977 roku pr\u00f3ba oficjalnego zarejestrowania Servasu zako\u0144czy\u0142a si\u0119 r\u00f3wnie oficjalnym zakazem jego dzia\u0142alno\u015bci.<br>Dopiero zmiany polityczne w Polsce umo\u017cliwi\u0142y podj\u0119cie decyzji o uregulowaniu formalnej sytuacji Servasu . Dnia 14 stycznia 1990 r. odby\u0142o si\u0119 w Warszawie zebranie za\u0142o\u017cycielskie stowarzyszenia&nbsp;<strong>Servas Poland<\/strong>. Przyj\u0119to na nim statut i wybrano w\u0142adze Servasu . Rejestracji stowarzyszenia dokonano we wrze\u015bniu 1990 roku.<\/p>\n\n\n\n<p>Liczba otwartych drzwi, czyli dom\u00f3w oferuj\u0105cych go\u015bcin\u0119 servasowsk\u0105 w Polsce,&nbsp; wynosi obecnie ponad trzysta. Po \u015bwiecie podr\u00f3\u017cuje za\u015b ka\u017cdego roku oko\u0142o siedemdziesi\u0119ciu cz\u0142onk\u00f3w Servas Poland.<\/p>\n\n\n\n<p><strong>Idea Servasu&nbsp;<\/strong>narodzi\u0142a si\u0119 w Danii w 1949 roku. Z inicjatywy m\u0142odego Amerykanina Boba Luitweilera i grupy jego przyjaci\u00f3\u0142 powsta\u0142 projekt o nazwie \u201ePeacebuilders\u201d. Poprzez swoj\u0105 dzia\u0142alno\u015b\u0107 chcieli oni ustrzec \u015bwiat przed wybuchem kolejnej wojny \u015bwiatowej.<\/p>\n\n\n\n<p>Za\u0142o\u017cyciele tej organizacji pragn\u0119li u\u0142atwi\u0107 ludziom r\u00f3\u017cnych narodowo\u015bci dzielenie si\u0119 swoim \u017cyciem i do\u015bwiadczeniami z innymi, poprzez stworzenie nowego sposobu podr\u00f3\u017cowania, nawi\u0105zywania znajomo\u015bci i zawierania mi\u0119dzynarodowych przyja\u017ani. W roku 1952 nazw\u0119 ruchu zmieniono na Servas \u2013 co w j\u0119zyku esperanto znaczy \u201es\u0142u\u017c\u0119\u201d. W trakcie nast\u0119pnych kilkunastu lat organizacja rozwija\u0142a si\u0119 w wielu kolejnych krajach. Do\u0142\u0105czali do niej nowi gospodarze i podr\u00f3\u017cnicy, pojawi\u0142y si\u0119 systematycznie uaktualniane listy gospodarzy.<\/p>\n\n\n\n<p>W roku 1972 podj\u0119to decyzj\u0119 o powo\u0142aniu&nbsp;<strong>Servas International<\/strong>&nbsp;\u2013 organizacji reprezentuj\u0105cej wszystkie oddzia\u0142y krajowe i pomagaj\u0105cej koordynowa\u0107 ich wsp\u00f3\u0142prac\u0119.<br>W roku 1973&nbsp;<strong>Servas International<\/strong>&nbsp;zosta\u0142 wpisany do rejestru ONZ jako organizacja pozarz\u0105dowa oraz uzyska\u0142 status konsultacyjny przy ECOSOC \u2013 Radzie ONZ ds. ekonomicznych i spo\u0142ecznych.<\/p>\n","protected":false},"excerpt":{"rendered":"<p>W Polsce&nbsp;Servas istnieje od po\u0142owy lat 70-tych. Z powodu niech\u0119ci \u00f3wczesnych w\u0142adz pozostawa\u0142 w ukryciu do ko\u0144ca lat 80-tych. Podj\u0119ta w 1977 roku pr\u00f3ba oficjalnego zarejestrowania Servasu zako\u0144czy\u0142a si\u0119 r\u00f3wnie oficjalnym zakazem jego dzia\u0142alno\u015bci.Dopiero zmiany polityczne w Polsce umo\u017cliwi\u0142y podj\u0119cie decyzji o uregulowaniu formalnej sytuacji Servasu . Dnia 14 stycznia [&hellip;]<\/p>\n","protected":false},"author":1,"featured_media":0,"parent":0,"menu_order":0,"comment_status":"closed","ping_status":"closed","template":"","meta":{"footnotes":""},"class_list":["post-11","page","type-page","status-publish","hentry"],"_links":{"self":[{"href":"https:\/\/www.servas.pl\/index.php?rest_route=\/wp\/v2\/pages\/11","targetHints":{"allow":["GET"]}}],"collection":[{"href":"https:\/\/www.servas.pl\/index.php?rest_route=\/wp\/v2\/pages"}],"about":[{"href":"https:\/\/www.servas.pl\/index.php?rest_route=\/wp\/v2\/types\/page"}],"author":[{"embeddable":true,"href":"https:\/\/www.servas.pl\/index.php?rest_route=\/wp\/v2\/users\/1"}],"replies":[{"embeddable":true,"href":"https:\/\/www.servas.pl\/index.php?rest_route=%2Fwp%2Fv2%2Fcomments&post=11"}],"version-history":[{"count":1,"href":"https:\/\/www.servas.pl\/index.php?rest_route=\/wp\/v2\/pages\/11\/revisions"}],"predecessor-version":[{"id":12,"href":"https:\/\/www.servas.pl\/index.php?rest_route=\/wp\/v2\/pages\/11\/revisions\/12"}],"wp:attachment":[{"href":"https:\/\/www.servas.pl\/index.php?rest_route=%2Fwp%2Fv2%2Fmedia&parent=11"}],"curies":[{"name":"wp","href":"https:\/\/api.w.org\/{rel}","templated":true}]}}