{"id":58,"date":"2024-11-28T08:37:27","date_gmt":"2024-11-28T08:37:27","guid":{"rendered":"https:\/\/www.servas.pl\/?page_id=58"},"modified":"2025-02-03T10:58:56","modified_gmt":"2025-02-03T10:58:56","slug":"nasze-zasady","status":"publish","type":"page","link":"https:\/\/www.servas.pl\/?page_id=58","title":{"rendered":"Nasze zasady"},"content":{"rendered":"\n<p><strong>Jak dzia\u0142a Servas<\/strong><\/p>\n\n\n\n<blockquote class=\"wp-block-quote is-layout-flow wp-block-quote-is-layout-flow\">\n<p>Podstawow\u0105 struktur\u0105 Servasu jest sie\u0107 gospodarzy-cz\u0142onk\u00f3w, kt\u00f3rzy s\u0105 gotowi przyj\u0105\u0107 podr\u00f3\u017cnik\u00f3w servasowskich. Liczba dom\u00f3w servasowskich wynosi ponad 15 000 w ponad 100 krajach na ca\u0142ym \u015bwiecie. Podr\u00f3\u017cnicy mog\u0105 zamieszka\u0107 w domu gospodarza na dwa dni i dwie noce.<\/p>\n<\/blockquote>\n\n\n\n<p>Go\u015bcina jest bezinteresowna i bezp\u0142atna, ale nale\u017cy pami\u0119ta\u0107, \u017ce Servas nie jest darmow\u0105 alternatyw\u0105 hotelu. Celem wizyty jest wzajemne poznanie si\u0119 podr\u00f3\u017cnik\u00f3w i gospodarzy.<\/p>\n\n\n\n<p>Podr\u00f3\u017cnicy mog\u0105 si\u0119 te\u017c spotka\u0107 z tzw. \u201egospodarzami dziennymi\u201d, kt\u00f3rzy wprawdzie nie maj\u0105 warunk\u00f3w do udzielenia go\u015bciny, lecz&nbsp;chc\u0105c pozna\u0107 nowych ludzi, pragn\u0105 pom\u00f3c w inny spos\u00f3b, np. oprowadzaj\u0105c ich po swojej okolicy, zapraszaj\u0105c na posi\u0142ek lub rozmow\u0119.<\/p>\n\n\n\n<p><strong>Jak zosta\u0107 podr\u00f3\u017cnikiem<\/strong><\/p>\n\n\n\n<p>Um\u00f3w si\u0119 na rozmow\u0119 informacyjn\u0105 z lokalnym koordynatorem. W trakcie rozmowy szczeg\u00f3\u0142owo poznasz zasady dzia\u0142ania naszej organizacji. Po rozmowie b\u0119dziesz m\u00f3g\u0142 za\u0142o\u017cy\u0107 konto na portalu Servas Online. Aby zosta\u0107 podr\u00f3\u017cnikiem nale\u017cy naby\u0107 znaczek elektroniczny i uzupe\u0142ni\u0107 informacje profilowe. Portal umo\u017cliwia wyszukiwanie gospodarzy z ca\u0142ego \u015bwiata i korzystanie z go\u015bciny Servasowskiej.<\/p>\n\n\n\n<p>Op\u0142ata za znaczek wynosi 100 z\u0142otych, sk\u0142adka roczna 30 z\u0142.\u00a0Znaczek zachowuje wa\u017cno\u015b\u0107 przez rok od momentu wydania.<\/p>\n\n\n\n<p><strong>Numer konta w BNP PARIBAS:<\/strong><br><strong>SERVAS POLAND<\/strong><br><strong>14 2030 0045 1110 0000 0394 8820<\/strong><\/p>\n\n\n\n<p><strong>Jak zosta\u0107 gospodarzem<\/strong><\/p>\n\n\n\n<p>Po rozmowie z koordynatorem za\u0142o\u017cysz konto na portalu Servas Online, podasz swoje dane, warunki domowe, liczb\u0119 podr\u00f3\u017cnik\u00f3w, kt\u00f3rych mo\u017cesz przyj\u0105\u0107 itd.<\/p>\n\n\n\n<p>Mo\u017cesz zosta\u0107 gospodarzem i\/lub podr\u00f3\u017cnikiem. Nie ma wymogu aby podr\u00f3\u017cnik by\u0142 gospodarzem i odwrotnie.<\/p>\n\n\n\n<p>Sk\u0142adka roczna dla gospodarzy wynosi 10 z\u0142otych na rodzin\u0119. Aby zosta\u0107 podr\u00f3\u017cnikiem, b\u0119dziesz potrzebowa\u0107 znaczka, za kt\u00f3ry zap\u0142acisz 100 z\u0142otych.<\/p>\n\n\n\n<p><strong>Kto mo\u017ce zosta\u0107 cz\u0142onkiem Servasu<\/strong><\/p>\n\n\n\n<p>Cz\u0142onkowie SERVASU wywodz\u0105 si\u0119 z r\u00f3\u017cnych \u015brodowisk i maj\u0105 bardzo r\u00f3\u017cne zainteresowania. Jedynymi stawianymi wobec nich wymogami s\u0105 otwarto\u015b\u0107 i ch\u0119\u0107 poznawania innych ludzi oraz pe\u0142noletno\u015b\u0107.<\/p>\n\n\n\n<p><strong>Zasady go\u015bciny<\/strong><\/p>\n\n\n\n<p>Go\u015bcina servasowska s\u0142u\u017cy wzajemnemu poznaniu si\u0119 r\u00f3\u017cnych ludzi. Osoby towarzysz\u0105ce Ci w podr\u00f3\u017cy mog\u0105 wsp\u00f3lnie z Tob\u0105 korzysta\u0107 z go\u015bciny servasowskiej wy\u0142\u0105cznie wtedy, gdy s\u0105 r\u00f3wnie\u017c cz\u0142onkami Servasu i posiadaj\u0105 w\u0142asne listy podr\u00f3\u017cnik\u00f3w.<\/p>\n\n\n\n<p>Jako podr\u00f3\u017cnik, musisz przestrzega\u0107 og\u00f3lnie przyj\u0119tych, a tak\u017ce specyficznych dla innych kraj\u00f3w norm zachowania i zwyczaj\u00f3w.<\/p>\n\n\n\n<p>Jako gospodarz nie jeste\u015b zobowi\u0105zany do udzielania go\u015bciny wszystkim zg\u0142aszaj\u0105cym si\u0119 podr\u00f3\u017cnikom. Licz\u0105 si\u0119 r\u00f3wnie\u017c Twoje ch\u0119ci i mo\u017cliwo\u015bci. Jednak nie wolno Ci dyskryminowa\u0107 podr\u00f3\u017cnik\u00f3w ze wzgl\u0119du na ras\u0119, wyznanie, pochodzenie czy narodowo\u015b\u0107.<\/p>\n\n\n\n<p>Podr\u00f3\u017cnik mo\u017ce prosi\u0107 o go\u015bcin\u0119 w tym samym dniu, w kt\u00f3rym skontaktowa\u0142 si\u0119 z gospodarzem jedynie wtedy, gdy taka ewentualno\u015b\u0107 jest wyra\u017anie zaznaczona na Twoim profilu. Jako podr\u00f3\u017cnik przestrzegaj wskazanych termin\u00f3w i sposob\u00f3w zawiadamiania gospodarzy o ch\u0119ci ich odwiedzenia.<\/p>\n\n\n\n<p>Naczeln\u0105 zasad\u0105 jest udzielanie go\u015bciny na dwa noclegi. Podr\u00f3\u017cnik nie powinien przyje\u017cd\u017ca\u0107 tylko na jedn\u0105 noc, poniewa\u017c tak kr\u00f3tki czas utrudnia poznanie si\u0119 i nawi\u0105zanie bli\u017cszego kontaktu. Ponadto gospodarz m\u00f3g\u0142by si\u0119 poczu\u0107 wykorzystany do udzielenia darmowego noclegu. Z drugiej strony podr\u00f3\u017cnikowi nie wolno prosi\u0107 o go\u015bcin\u0119 d\u0142u\u017csz\u0105 ni\u017c dwie doby. Taka pro\u015bba mo\u017ce postawi\u0107 gospodarza w bardzo niezr\u0119cznej sytuacji. To gospodarz, je\u015bli chce, mo\u017ce zaproponowa\u0107 podr\u00f3\u017cnikowi pozostanie w go\u015bcinie d\u0142u\u017cej.<\/p>\n\n\n\n<p>Jako podr\u00f3\u017cnik pami\u0119taj, \u017ce nie nale\u017cy telefonowa\u0107 do gospodarzy przed 8:00 rano i po godz. 22:00 wieczorem. Musisz ponadto jak najwcze\u015bniej uprzedza\u0107 gospodarzy o ewentualnych zmianach uprzednio uzgodnionych termin\u00f3w wizyt lub ich odwo\u0142aniu. Je\u017celi termin wizyty uzgodniony by\u0142 z wyprzedzeniem, to nale\u017cy w przeddzie\u0144 potwierdzi\u0107 sw\u00f3j przyjazd.<\/p>\n\n\n\n<p>Warunki go\u015bciny oferowanej podr\u00f3\u017cnikom zale\u017c\u0105 od warunk\u00f3w mieszkaniowych gospodarzy. Mo\u017ce wi\u0119c by\u0107 to osobny pok\u00f3j z \u0142azienk\u0105, ale cz\u0119sto te\u017c podr\u00f3\u017cnikom musi wystarczy\u0107 skromne \u0142\u00f3\u017cko, lub materac na pod\u0142odze w przedpokoju. W niekt\u00f3rych krajach warunki go\u015bciny mog\u0105 by\u0107 jeszcze bardziej sparta\u0144skie i nale\u017cy si\u0119 z tym liczy\u0107. Nie mo\u017cna wymaga\u0107 wi\u0119cej ni\u017c gospodarz nam zaoferuje. Niekt\u00f3rzy gospodarze wymagaj\u0105 od podr\u00f3\u017cnik\u00f3w korzystania z ich w\u0142asnych \u015bpiwor\u00f3w. Zwr\u00f3\u0107 na to uwag\u0119 przy przegl\u0105daniu listy gospodarzy.<\/p>\n\n\n\n<p>B\u0119d\u0105c podr\u00f3\u017cnikiem staraj si\u0119 uczestniczy\u0107, w miar\u0119 mo\u017cliwo\u015bci, w \u017cyciu codziennym Twoich gospodarzy. Pomagaj im w drobnych pracach domowych jak sprz\u0105tanie, zmywanie itp.<\/p>\n\n\n\n<p>Jako gospodarz nie powiniene\u015b ogranicza\u0107 swojej go\u015bciny tylko do wskazania miejsca do spania. Porozmawiaj ze swoim go\u015bciem, poka\u017c mu atrakcje swojej okolicy, w miar\u0119 mo\u017cliwo\u015bci w\u0142\u0105cz w zaj\u0119cia domowe, ale pami\u0119taj, \u017ce podr\u00f3\u017cnicy przyje\u017cd\u017caj\u0105 aby Ciebie pozna\u0107 a nie wykonywa\u0107 darmow\u0105 prac\u0119. Je\u017celi gospodarz nie ma zbyt wiele wolnego czasu do dyspozycji, podr\u00f3\u017cnik mo\u017ce skorzysta\u0107 z okazji spotkania si\u0119 z innymi gospodarzami, w tym zw\u0142aszcza z gospodarzami dziennymi. W ka\u017cdym przypadku pami\u0119taj, \u017ce od podr\u00f3\u017cnika wymaga si\u0119 samodzielno\u015bci i zaradno\u015bci.<\/p>\n\n\n\n<p>Zwykle podr\u00f3\u017cnik zapraszany jest przez swego gospodarza na posi\u0142ki. Jednak nie traktuj tego jako \u017celaznej regu\u0142y. Jako podr\u00f3\u017cnik, polegaj\u0105c na swoim wyczuciu, mo\u017cesz zaproponowa\u0107 sw\u00f3j udzia\u0142 w zakupach, przyrz\u0105dzaniu i podawaniu posi\u0142k\u00f3w. Przy aprobacie gospodarza mo\u017cesz podj\u0105\u0107 si\u0119 samodzielnego przygotowania posi\u0142ku prezentuj\u0105c przy tej okazji np. walory swojej kuchni.<\/p>\n\n\n\n<p>Podr\u00f3\u017cnik ma prawo prosi\u0107 gospodarza o pomoc w znalezieniu nast\u0119pnego gospodarza. Nie mo\u017cna jednak w czasie podr\u00f3\u017cy polega\u0107 wy\u0142\u0105cznie na takiej pomocy.<\/p>\n\n\n\n<p>Gospodarzom, u kt\u00f3rych by\u0142e\u015b, b\u0119dzie bardzo mi\u0142o je\u015bli dostan\u0105 od Ciebie drobny symbol \u2013 upominek, albo gdy napiszesz do nich list lub kartk\u0119 z podzi\u0119kowaniem za go\u015bcin\u0119. Jest to niewielki wysi\u0142ek z Twojej strony.<\/p>\n\n\n\n<p>Twoje dane osobowe b\u0119d\u0105 przetwarzane w celach komunikacyjnych wewn\u0105trz Stowarzyszenia Servas Poland. Przetwarzanie danych osobowych jest niezb\u0119dne do realizacji cel\u00f3w statutowych Stowarzyszenia. Podstaw\u0105 prawn\u0105 przetwarzania podanych przez Ciebie danych osobowych s\u0105 przepisy art. 6 ust. 1 lit. b i f ROZPORZ\u0104DZENIA PARLAMENTU EUROPEJSKIEGO I RADY (UE) 2016\/679 z dnia 27 kwietnia 2016 r. w sprawie ochrony os\u00f3b fizycznych w zwi\u0105zku z przetwarzaniem danych osobowych i w sprawie swobodnego przep\u0142ywu takich danych oraz uchylenia dyrektywy 95\/46\/WE.<\/p>\n","protected":false},"excerpt":{"rendered":"<p>Jak dzia\u0142a Servas Podstawow\u0105 struktur\u0105 Servasu jest sie\u0107 gospodarzy-cz\u0142onk\u00f3w, kt\u00f3rzy s\u0105 gotowi przyj\u0105\u0107 podr\u00f3\u017cnik\u00f3w servasowskich. Liczba dom\u00f3w servasowskich wynosi ponad 15 000 w ponad 100 krajach na ca\u0142ym \u015bwiecie. Podr\u00f3\u017cnicy mog\u0105 zamieszka\u0107 w domu gospodarza na dwa dni i dwie noce. Go\u015bcina jest bezinteresowna i bezp\u0142atna, ale nale\u017cy pami\u0119ta\u0107, \u017ce [&hellip;]<\/p>\n","protected":false},"author":1,"featured_media":0,"parent":0,"menu_order":1,"comment_status":"closed","ping_status":"closed","template":"","meta":{"footnotes":""},"class_list":["post-58","page","type-page","status-publish","hentry"],"_links":{"self":[{"href":"https:\/\/www.servas.pl\/index.php?rest_route=\/wp\/v2\/pages\/58","targetHints":{"allow":["GET"]}}],"collection":[{"href":"https:\/\/www.servas.pl\/index.php?rest_route=\/wp\/v2\/pages"}],"about":[{"href":"https:\/\/www.servas.pl\/index.php?rest_route=\/wp\/v2\/types\/page"}],"author":[{"embeddable":true,"href":"https:\/\/www.servas.pl\/index.php?rest_route=\/wp\/v2\/users\/1"}],"replies":[{"embeddable":true,"href":"https:\/\/www.servas.pl\/index.php?rest_route=%2Fwp%2Fv2%2Fcomments&post=58"}],"version-history":[{"count":3,"href":"https:\/\/www.servas.pl\/index.php?rest_route=\/wp\/v2\/pages\/58\/revisions"}],"predecessor-version":[{"id":107,"href":"https:\/\/www.servas.pl\/index.php?rest_route=\/wp\/v2\/pages\/58\/revisions\/107"}],"wp:attachment":[{"href":"https:\/\/www.servas.pl\/index.php?rest_route=%2Fwp%2Fv2%2Fmedia&parent=58"}],"curies":[{"name":"wp","href":"https:\/\/api.w.org\/{rel}","templated":true}]}}