{"id":70,"date":"2024-11-28T09:14:39","date_gmt":"2024-11-28T09:14:39","guid":{"rendered":"https:\/\/www.servas.pl\/?page_id=70"},"modified":"2025-02-02T20:59:42","modified_gmt":"2025-02-02T20:59:42","slug":"koordynatorzy","status":"publish","type":"page","link":"https:\/\/www.servas.pl\/?page_id=70","title":{"rendered":"Koordynatorzy"},"content":{"rendered":"\n<p><em><strong>Koordynatorzy Servas w Polsce<\/strong><\/em> \/ <strong><em>Local Servas Coordinators in Poland<\/em><\/strong><\/p>\n\n\n\n<p><strong>Bia\u0142ystok:<\/strong><br>Barbara Szczerbi\u0144ska<br>bastek (at) data.pl<br>tel. 85 732 25 52, 604 504 444<\/p>\n\n\n\n<p><strong>Bielsko-Bia\u0142a\/<strong>Katowice<\/strong><br><\/strong>Maria Schodnicka<br>mail: maria.schodnicka (at) gmail.com<br>tel. 505 549 998<\/p>\n\n\n\n<p><strong>Gda\u0144sk\/Gdynia\/Sopot:<\/strong><br>Barbara Rusowicz<br>basia.rusowicz (at) gmail.com<br>tel. 605 328 908<\/p>\n\n\n\n<p><strong>Krak\u00f3w:<\/strong><br>Marzena \u017bemojcin<br>m.ze (at) interia.pl<br>tel. 604 070 120<\/p>\n\n\n\n<p><strong>Pozna\u0144:<\/strong><br>Anna G\u0119bka-Suska<br>anna.gebka-suska (at) 4elt.pl<\/p>\n\n\n\n<p>Jagoda Watrak<br>88jagoda (at) gmail.com<br>tel. 601 876 861<\/p>\n\n\n\n<p><strong>Sieradz:<\/strong><br>Anna Kufel-Dzierzgowska<br>servaspl (at) poczta.onet.pl<br>tel. 43 822 31 29<\/p>\n\n\n\n<p><strong>Szczecin:<\/strong><br>Iwona Wojtala<br>yvonne.wojtala (at) wp.pl<br>tel. 889 211 501<\/p>\n\n\n\n<p><strong>Warszawa:<\/strong><\/p>\n\n\n\n<p>Aissa Zakrzewska<br>aissa (at) servas.pl<\/p>\n\n\n\n<p>Joanna Mozga<br>joanna (at) servas.pl<br>tel.&nbsp;607 258 400<\/p>\n\n\n\n<p>Magdalena Horode\u0144ska-Ostaszewska<br>email: mhorodenska (at) gmail.com<\/p>\n\n\n\n<p><strong>Wroc\u0142aw:<\/strong><br>Micha\u0142 Rupi\u0144ski<br>michal.rup (at) gmail.com<br>600 519 198<\/p>\n\n\n\n<p>Marlena Rupi\u0144ska<br>marlena.rup (at) gmail.com<br>532 233 054<\/p>\n\n\n\n<p><\/p>\n","protected":false},"excerpt":{"rendered":"<p>Koordynatorzy Servas w Polsce \/ Local Servas Coordinators in Poland Bia\u0142ystok:Barbara Szczerbi\u0144skabastek (at) data.pltel. 85 732 25 52, 604 504 444 Bielsko-Bia\u0142a\/KatowiceMaria Schodnickamail: maria.schodnicka (at) gmail.comtel. 505 549 998 Gda\u0144sk\/Gdynia\/Sopot:Barbara Rusowiczbasia.rusowicz (at) gmail.comtel. 605 328 908 Krak\u00f3w:Marzena \u017bemojcinm.ze (at) interia.pltel. 604 070 120 Pozna\u0144:Anna G\u0119bka-Suskaanna.gebka-suska (at) 4elt.pl Jagoda Watrak88jagoda (at) [&hellip;]<\/p>\n","protected":false},"author":1,"featured_media":0,"parent":0,"menu_order":4,"comment_status":"closed","ping_status":"closed","template":"","meta":{"footnotes":""},"class_list":["post-70","page","type-page","status-publish","hentry"],"_links":{"self":[{"href":"https:\/\/www.servas.pl\/index.php?rest_route=\/wp\/v2\/pages\/70","targetHints":{"allow":["GET"]}}],"collection":[{"href":"https:\/\/www.servas.pl\/index.php?rest_route=\/wp\/v2\/pages"}],"about":[{"href":"https:\/\/www.servas.pl\/index.php?rest_route=\/wp\/v2\/types\/page"}],"author":[{"embeddable":true,"href":"https:\/\/www.servas.pl\/index.php?rest_route=\/wp\/v2\/users\/1"}],"replies":[{"embeddable":true,"href":"https:\/\/www.servas.pl\/index.php?rest_route=%2Fwp%2Fv2%2Fcomments&post=70"}],"version-history":[{"count":3,"href":"https:\/\/www.servas.pl\/index.php?rest_route=\/wp\/v2\/pages\/70\/revisions"}],"predecessor-version":[{"id":104,"href":"https:\/\/www.servas.pl\/index.php?rest_route=\/wp\/v2\/pages\/70\/revisions\/104"}],"wp:attachment":[{"href":"https:\/\/www.servas.pl\/index.php?rest_route=%2Fwp%2Fv2%2Fmedia&parent=70"}],"curies":[{"name":"wp","href":"https:\/\/api.w.org\/{rel}","templated":true}]}}