{"id":8,"date":"2024-11-26T10:57:54","date_gmt":"2024-11-26T10:57:54","guid":{"rendered":"https:\/\/www.servas.pl\/?page_id=8"},"modified":"2024-11-26T11:16:17","modified_gmt":"2024-11-26T11:16:17","slug":"kontakt","status":"publish","type":"page","link":"https:\/\/www.servas.pl\/?page_id=8","title":{"rendered":"Kontakt"},"content":{"rendered":"\n<h3 class=\"wp-block-heading\">Servas Polska&nbsp;\/&nbsp;<em>Servas&nbsp;Poland<\/em><\/h3>\n\n\n\n<p><strong>Sekretar<\/strong><strong>z Krajowy \/&nbsp;<em>National S<\/em><\/strong><em><strong>ecretary<\/strong><\/em><\/p>\n\n\n\n<p><strong>Janek Dzier\u017cawski<\/strong><br>janek (at) servas.pl<\/p>\n\n\n\n<p>Kandydaci na cz\u0142onk\u00f3w proszeni s\u0105 o kontakt z koordynatorami danego regionu. \/<br><em>Candidates for member should contact local coordinators from their region.<\/em><\/p>\n\n\n\n<p>Za sprawy dotycz\u0105ce strony internetowej odpowiada \/<br><em>All matters concerning Servas Poland Home Page should be addressed to\u00a0<\/em>:<\/p>\n\n\n\n<p><strong>Administrator<\/strong><em><strong>:<\/strong><\/em><strong><br><\/strong>Marcin Ostaszewski<br>kom.\u00a0\/\u00a0<em>cell phone:<\/em>\u00a0+ 48 604 972 951<br>email: MarcinOstaszewski (at) gmail.com<\/p>\n","protected":false},"excerpt":{"rendered":"<p>Servas Polska&nbsp;\/&nbsp;Servas&nbsp;Poland Sekretarz Krajowy \/&nbsp;National Secretary Janek Dzier\u017cawskijanek (at) servas.pl Kandydaci na cz\u0142onk\u00f3w proszeni s\u0105 o kontakt z koordynatorami danego regionu. \/Candidates for member should contact local coordinators from their region. Za sprawy dotycz\u0105ce strony internetowej odpowiada \/All matters concerning Servas Poland Home Page should be addressed to\u00a0: Administrator:Marcin Ostaszewskikom.\u00a0\/\u00a0cell [&hellip;]<\/p>\n","protected":false},"author":1,"featured_media":0,"parent":0,"menu_order":5,"comment_status":"closed","ping_status":"closed","template":"","meta":{"footnotes":""},"class_list":["post-8","page","type-page","status-publish","hentry"],"_links":{"self":[{"href":"https:\/\/www.servas.pl\/index.php?rest_route=\/wp\/v2\/pages\/8","targetHints":{"allow":["GET"]}}],"collection":[{"href":"https:\/\/www.servas.pl\/index.php?rest_route=\/wp\/v2\/pages"}],"about":[{"href":"https:\/\/www.servas.pl\/index.php?rest_route=\/wp\/v2\/types\/page"}],"author":[{"embeddable":true,"href":"https:\/\/www.servas.pl\/index.php?rest_route=\/wp\/v2\/users\/1"}],"replies":[{"embeddable":true,"href":"https:\/\/www.servas.pl\/index.php?rest_route=%2Fwp%2Fv2%2Fcomments&post=8"}],"version-history":[{"count":4,"href":"https:\/\/www.servas.pl\/index.php?rest_route=\/wp\/v2\/pages\/8\/revisions"}],"predecessor-version":[{"id":20,"href":"https:\/\/www.servas.pl\/index.php?rest_route=\/wp\/v2\/pages\/8\/revisions\/20"}],"wp:attachment":[{"href":"https:\/\/www.servas.pl\/index.php?rest_route=%2Fwp%2Fv2%2Fmedia&parent=8"}],"curies":[{"name":"wp","href":"https:\/\/api.w.org\/{rel}","templated":true}]}}